{"id":294,"date":"2021-05-16T10:53:33","date_gmt":"2021-05-16T07:53:33","guid":{"rendered":"https:\/\/gnathion.gr\/guided\/?page_id=294"},"modified":"2021-06-11T11:19:18","modified_gmt":"2021-06-11T08:19:18","slug":"publications","status":"publish","type":"page","link":"https:\/\/gnathion.gr\/guided\/?page_id=294","title":{"rendered":"Publications"},"content":{"rendered":"\n<p><\/p>\n\n\n\n<p>Trikeriotis D, Theodoropoulou A, Mountricha M. <strong>Dental implant planning, guide design and accuracy evaluation using free and open source software: an in vivo study<\/strong>. Int J CARS (2021) 16(1):S26-S27<\/p>\n\n\n\n<p>Talmazov G, Bencharit S, Waldrop TC, Ammoun R. <strong>Accuracy of Implant Placement Position Using Nondental Open-Source Software: An In Vitro Study.<\/strong> J Prosthodont. 2020 Aug;29(7):604-610.<\/p>\n\n\n\n<p>Abo Sharkh H, Makhoul N. In-House Surgeon-Led <strong>Virtual Surgical Planning for Maxillofacial Reconstruction<\/strong>.&nbsp;J Oral Maxillofac Surg. 2020;78(4):651-660.<\/p>\n\n\n\n<p>Ponce-Garcia C, Ruellas ACO, Cevidanes LHS, Flores-Mir C, Carey JP, Lagravere-Vich M. <strong>Measurement error and reliability of three available 3D superimposition methods in growing patients.<\/strong>&nbsp;Head Face Med. 2020;16(1):1.<\/p>\n\n\n\n<p>You, P., Siegel, L.H., Kassam, Z.&nbsp;et al.&nbsp;<strong>The middle fossa approach with self-drilling screws: a novel technique for BONEBRIDGE implantation.&nbsp;<\/strong>J of Otolaryngol \u2013 Head &amp; Neck Surg&nbsp;48,&nbsp;35 (2019)<\/p>\n\n\n\n<p>Sokolowski AA, Sokolowski AA, Kammerhofer J, et al. <strong>Accuracy assessment of 3D-printed tooth replicas.<\/strong>&nbsp;Int J Comput Dent. 2019;22(4):321-329.<\/p>\n\n\n\n<p>G\u00f3mez-G\u00f3mez SL, Villarraga-Ossa JA, Arcila-Monsalve JC, Moreno-Garz\u00f3n DM, Ardila CM. <strong>Influence of Hyrax screw position on dental movement and cortical bone: A study of finite elements.&nbsp;<\/strong>J Clin Exp Dent. 2019;11(12)<\/p>\n\n\n\n<p>Moser N, Santander P, Quast A. <strong>From 3D imaging to 3D printing in dentistry \u2013 a practical guide<\/strong>.&nbsp;Int J Comput Dent. 2018;21(4):345-356.<\/p>\n\n\n\n<p>Rastegar B, Thumilaire B, Odri GA, et al. <strong>Validation of a windowing protocol for accurate in vivo tooth segmentation using i-CAT cone beam computed tomography<\/strong>.&nbsp;Adv Clin Exp Med. 2018;27(7):1001-1008.<\/p>\n\n\n\n<p>Chru\u015bciel-Nogalska, M., Smekta\u0142a, T., Tutak, M., Sporniak-Tutak, K., &amp; Olszewski, R. (2017). <strong>Open-source software in dentistry: A systematic review.&nbsp;International Journal of Technology Assessment in Health Care,<\/strong>&nbsp;33(4), 487-493.<\/p>\n\n\n\n<p>Villoria EM, Lenzi AR, Soares RV, et al. <strong>Post-processing open-source software for the CBCT monitoring of periapical lesions healing following endodontic treatment: technical report of two cases.<\/strong>&nbsp;Dentomaxillofac Radiol. 2017;46(1):20160293.<\/p>\n\n\n\n<p>Schilling J, Gomes LC, Benavides E, et al. <strong>Regional 3D superimposition to assess temporomandibular joint condylar morphology.&nbsp;<\/strong> Dentomaxillofac Radiol. 2014;43(1):20130273.<\/p>\n\n\n\n<p>Kaban LB, Seldin EB, Kikinis R, Yeshwant K, Padwa BL, Troulis MJ. <strong>Clinical application of curvilinear distraction osteogenesis for correction of mandibular deformities.&nbsp;<\/strong>J Oral Maxillofac Surg. 2009;67(5):996-1008<\/p>\n","protected":false},"excerpt":{"rendered":"<p>Trikeriotis D, Theodoropoulou A, Mountricha M. Dental implant planning, guide design and accuracy evaluation using free and open source software: an in vivo study. Int J CARS (2021) 16(1):S26-S27 Talmazov G, Bencharit S, Waldrop TC, Ammoun R. Accuracy of Implant &hellip;<\/p>\n<p class=\"read-more\"> <a class=\"more-link\" href=\"https:\/\/gnathion.gr\/guided\/?page_id=294\"> <span class=\"screen-reader-text\">Publications<\/span> Read More &raquo;<\/a><\/p>\n","protected":false},"author":1,"featured_media":0,"parent":0,"menu_order":0,"comment_status":"closed","ping_status":"closed","template":"","meta":{"_bbp_topic_count":0,"_bbp_reply_count":0,"_bbp_total_topic_count":0,"_bbp_total_reply_count":0,"_bbp_voice_count":0,"_bbp_anonymous_reply_count":0,"_bbp_topic_count_hidden":0,"_bbp_reply_count_hidden":0,"_bbp_forum_subforum_count":0},"_links":{"self":[{"href":"https:\/\/gnathion.gr\/guided\/index.php?rest_route=\/wp\/v2\/pages\/294"}],"collection":[{"href":"https:\/\/gnathion.gr\/guided\/index.php?rest_route=\/wp\/v2\/pages"}],"about":[{"href":"https:\/\/gnathion.gr\/guided\/index.php?rest_route=\/wp\/v2\/types\/page"}],"author":[{"embeddable":true,"href":"https:\/\/gnathion.gr\/guided\/index.php?rest_route=\/wp\/v2\/users\/1"}],"replies":[{"embeddable":true,"href":"https:\/\/gnathion.gr\/guided\/index.php?rest_route=%2Fwp%2Fv2%2Fcomments&post=294"}],"version-history":[{"count":6,"href":"https:\/\/gnathion.gr\/guided\/index.php?rest_route=\/wp\/v2\/pages\/294\/revisions"}],"predecessor-version":[{"id":764,"href":"https:\/\/gnathion.gr\/guided\/index.php?rest_route=\/wp\/v2\/pages\/294\/revisions\/764"}],"wp:attachment":[{"href":"https:\/\/gnathion.gr\/guided\/index.php?rest_route=%2Fwp%2Fv2%2Fmedia&parent=294"}],"curies":[{"name":"wp","href":"https:\/\/api.w.org\/{rel}","templated":true}]}}